{"id":380,"date":"2024-02-24T23:16:08","date_gmt":"2024-02-24T23:16:08","guid":{"rendered":"https:\/\/betauni.com\/?page_id=380"},"modified":"2026-03-04T00:41:12","modified_gmt":"2026-03-04T00:41:12","slug":"elementor-380","status":"publish","type":"page","link":"https:\/\/betauni.com\/es\/elementor-380\/","title":{"rendered":"Master of Science in Healthcare Management"},"content":{"rendered":"<div data-elementor-type=\"wp-page\" data-elementor-id=\"380\" class=\"elementor elementor-380\" data-elementor-post-type=\"page\">\n\t\t\t\t\t\t<section class=\"elementor-section elementor-top-section elementor-element elementor-element-194a499c elementor-section-boxed elementor-section-height-default elementor-section-height-default\" data-id=\"194a499c\" data-element_type=\"section\" data-e-type=\"section\" data-settings=\"{&quot;background_background&quot;:&quot;classic&quot;}\">\n\t\t\t\t\t\t\t<div class=\"elementor-background-overlay\"><\/div>\n\t\t\t\t\t\t\t<div class=\"elementor-container elementor-column-gap-default\">\n\t\t\t\t\t<div class=\"elementor-column elementor-col-100 elementor-top-column elementor-element elementor-element-771d45af\" data-id=\"771d45af\" data-element_type=\"column\" data-e-type=\"column\">\n\t\t\t<div class=\"elementor-widget-wrap elementor-element-populated\">\n\t\t\t\t\t\t<section class=\"elementor-section elementor-inner-section elementor-element elementor-element-75d58275 elementor-section-boxed elementor-section-height-default elementor-section-height-default\" data-id=\"75d58275\" data-element_type=\"section\" data-e-type=\"section\">\n\t\t\t\t\t\t<div class=\"elementor-container elementor-column-gap-default\">\n\t\t\t\t\t<div class=\"elementor-column elementor-col-100 elementor-inner-column elementor-element elementor-element-39bcb5dc elementor-invisible\" data-id=\"39bcb5dc\" data-element_type=\"column\" data-e-type=\"column\" data-settings=\"{&quot;animation&quot;:&quot;fadeInUp&quot;}\">\n\t\t\t<div class=\"elementor-widget-wrap elementor-element-populated\">\n\t\t\t\t\t\t<div class=\"elementor-element elementor-element-158713c elementor-widget elementor-widget-heading\" data-id=\"158713c\" data-element_type=\"widget\" data-e-type=\"widget\" data-widget_type=\"heading.default\">\n\t\t\t\t<div class=\"elementor-widget-container\">\n\t\t\t\t\t<h2 class=\"elementor-heading-title elementor-size-default\">Master of Science in Healthcare Management<\/h2>\t\t\t\t<\/div>\n\t\t\t\t<\/div>\n\t\t\t\t<div class=\"elementor-element elementor-element-32c2aef9 elementor-icon-list--layout-inline elementor-widget__width-auto elementor-list-item-link-full_width elementor-widget elementor-widget-icon-list\" data-id=\"32c2aef9\" data-element_type=\"widget\" data-e-type=\"widget\" data-widget_type=\"icon-list.default\">\n\t\t\t\t<div class=\"elementor-widget-container\">\n\t\t\t\t\t\t\t<ul class=\"elementor-icon-list-items elementor-inline-items\">\n\t\t\t\t\t\t\t<li class=\"elementor-icon-list-item elementor-inline-item\">\n\t\t\t\t\t\t\t\t\t\t\t<a href=\"#\">\n\n\t\t\t\t\t\t\t\t\t\t\t<span class=\"elementor-icon-list-text\">Inicio<\/span>\n\t\t\t\t\t\t\t\t\t\t\t<\/a>\n\t\t\t\t\t\t\t\t\t<\/li>\n\t\t\t\t\t\t<\/ul>\n\t\t\t\t\t\t<\/div>\n\t\t\t\t<\/div>\n\t\t\t\t\t<\/div>\n\t\t<\/div>\n\t\t\t\t\t<\/div>\n\t\t<\/section>\n\t\t\t\t\t<\/div>\n\t\t<\/div>\n\t\t\t\t\t<\/div>\n\t\t<\/section>\n\t\t\t\t<section class=\"elementor-section elementor-top-section elementor-element elementor-element-cd1a965 elementor-section-boxed elementor-section-height-default elementor-section-height-default\" data-id=\"cd1a965\" data-element_type=\"section\" data-e-type=\"section\" data-settings=\"{&quot;background_background&quot;:&quot;classic&quot;}\">\n\t\t\t\t\t\t\t<div class=\"elementor-background-overlay\"><\/div>\n\t\t\t\t\t\t\t<div class=\"elementor-container elementor-column-gap-default\">\n\t\t\t\t\t<div class=\"elementor-column elementor-col-50 elementor-top-column elementor-element elementor-element-f0bfeb9\" data-id=\"f0bfeb9\" data-element_type=\"column\" data-e-type=\"column\">\n\t\t\t<div class=\"elementor-widget-wrap elementor-element-populated\">\n\t\t\t\t\t\t<div class=\"elementor-element elementor-element-9b826f4 elementor-invisible elementor-widget elementor-widget-heading\" data-id=\"9b826f4\" data-element_type=\"widget\" data-e-type=\"widget\" data-settings=\"{&quot;_animation&quot;:&quot;fadeInUp&quot;}\" data-widget_type=\"heading.default\">\n\t\t\t\t<div class=\"elementor-widget-container\">\n\t\t\t\t\t<h2 class=\"elementor-heading-title elementor-size-default\">Master of Science in Healthcare Management<\/h2>\t\t\t\t<\/div>\n\t\t\t\t<\/div>\n\t\t\t\t<div class=\"elementor-element elementor-element-de620f6 elementor-widget__width-auto elementor-widget elementor-widget-heading\" data-id=\"de620f6\" data-element_type=\"widget\" data-e-type=\"widget\" data-widget_type=\"heading.default\">\n\t\t\t\t<div class=\"elementor-widget-container\">\n\t\t\t\t\t<h2 class=\"elementor-heading-title elementor-size-default\">TOTAL CREDITS: 36<\/h2>\t\t\t\t<\/div>\n\t\t\t\t<\/div>\n\t\t\t\t<section class=\"elementor-section elementor-inner-section elementor-element elementor-element-dcc9c93 elementor-section-boxed elementor-section-height-default elementor-section-height-default\" data-id=\"dcc9c93\" data-element_type=\"section\" data-e-type=\"section\">\n\t\t\t\t\t\t<div class=\"elementor-container elementor-column-gap-no\">\n\t\t\t\t\t<div class=\"elementor-column elementor-col-100 elementor-inner-column elementor-element elementor-element-a078454 elementor-invisible\" data-id=\"a078454\" data-element_type=\"column\" data-e-type=\"column\" data-settings=\"{&quot;animation&quot;:&quot;fadeInUp&quot;}\">\n\t\t\t<div class=\"elementor-widget-wrap elementor-element-populated\">\n\t\t\t\t\t\t<div class=\"elementor-element elementor-element-1b52f2c elementor-position-inline-start elementor-mobile-position-inline-start elementor-view-default elementor-widget elementor-widget-icon-box\" data-id=\"1b52f2c\" data-element_type=\"widget\" data-e-type=\"widget\" data-widget_type=\"icon-box.default\">\n\t\t\t\t<div class=\"elementor-widget-container\">\n\t\t\t\t\t\t\t<div class=\"elementor-icon-box-wrapper\">\n\n\t\t\t\t\t\t<div class=\"elementor-icon-box-icon\">\n\t\t\t\t<span  class=\"elementor-icon\">\n\t\t\t\t<i aria-hidden=\"true\" class=\"mdi mdi-check-decagram\"><\/i>\t\t\t\t<\/span>\n\t\t\t<\/div>\n\t\t\t\n\t\t\t\t\t\t<div class=\"elementor-icon-box-content\">\n\n\t\t\t\t\t\t\t\t\t<div class=\"elementor-icon-box-title\">\n\t\t\t\t\t\t<span  >\n\t\t\t\t\t\t\tDESCRIPCI\u00d3N DEL PROGRAMA\t\t\t\t\t\t<\/span>\n\t\t\t\t\t<\/div>\n\t\t\t\t\n\t\t\t\t\t\t\t\t\t<p class=\"elementor-icon-box-description\">\n\t\t\t\t\t\tNuestro programa de Maestr\u00eda en Gesti\u00f3n de la Salud tiene como objetivo principal prepararte para liderar el cambio en el \u00e1mbito de la salud. Te proporcionaremos una combinaci\u00f3n de conocimientos te\u00f3ricos y pr\u00e1cticos para que est\u00e9s preparado para enfrentar los desaf\u00edos en constante evoluci\u00f3n de este sector vital.\n\nAdem\u00e1s de adquirir conocimientos, nuestro programa se enfoca en el desarrollo de habilidades pr\u00e1cticas que son esenciales para sobresalir como gestor de la salud. Desde la resoluci\u00f3n de problemas hasta la toma de decisiones efectivas, te prepararemos para enfrentar cualquier situaci\u00f3n con confianza y competencia.\n\nEntendemos la importancia de impulsar tu carrera profesional en el campo de la salud. Por ello, nuestra maestr\u00eda te proporcionar\u00e1 las herramientas necesarias para avanzar en tu trayectoria y alcanzar posiciones de liderazgo y gesti\u00f3n en organizaciones de salud, ya sea en hospitales, centros de atenci\u00f3n m\u00e9dica u otras instituciones relacionadas.\n\nEn un mundo en constante cambio, la innovaci\u00f3n es clave. Por eso, fomentamos un ambiente que estimula la creatividad y el pensamiento innovador. Queremos que nuestros estudiantes encuentren soluciones efectivas a los desaf\u00edos actuales y futuros que enfrenta el sector de la salud.\n\nFinalmente, nuestro programa te brindar\u00e1 la oportunidad de construir una red de contactos s\u00f3lida en la industria de la salud. A trav\u00e9s de proyectos colaborativos, eventos de networking y conexiones con profesionales de la salud, te conectar\u00e1s con personas que comparten tus intereses y objetivos, lo que enriquecer\u00e1 tu experiencia educativa y profesional. \n\n\t\t\t\t\t<\/p>\n\t\t\t\t\n\t\t\t<\/div>\n\t\t\t\n\t\t<\/div>\n\t\t\t\t\t\t<\/div>\n\t\t\t\t<\/div>\n\t\t\t\t\t<\/div>\n\t\t<\/div>\n\t\t\t\t\t<\/div>\n\t\t<\/section>\n\t\t\t\t<div class=\"elementor-element elementor-element-8d13feb elementor-icon-list--layout-traditional elementor-list-item-link-full_width elementor-widget elementor-widget-icon-list\" data-id=\"8d13feb\" data-element_type=\"widget\" data-e-type=\"widget\" data-widget_type=\"icon-list.default\">\n\t\t\t\t<div class=\"elementor-widget-container\">\n\t\t\t\t\t\t\t<ul class=\"elementor-icon-list-items\">\n\t\t\t\t\t\t\t<li class=\"elementor-icon-list-item\">\n\t\t\t\t\t\t\t\t\t\t\t<a href=\"https:\/\/drive.google.com\/file\/d\/1w1jesmqoOFKxxg9pWzu4OsfNcrOrqlAf\/view?usp=sharing\">\n\n\t\t\t\t\t\t\t\t\t\t\t\t<span class=\"elementor-icon-list-icon\">\n\t\t\t\t\t\t\t<svg aria-hidden=\"true\" class=\"e-font-icon-svg e-fas-file-pdf\" viewbox=\"0 0 384 512\" xmlns=\"http:\/\/www.w3.org\/2000\/svg\"><path d=\"M181.9 256.1c-5-16-4.9-46.9-2-46.9 8.4 0 7.6 36.9 2 46.9zm-1.7 47.2c-7.7 20.2-17.3 43.3-28.4 62.7 18.3-7 39-17.2 62.9-21.9-12.7-9.6-24.9-23.4-34.5-40.8zM86.1 428.1c0 .8 13.2-5.4 34.9-40.2-6.7 6.3-29.1 24.5-34.9 40.2zM248 160h136v328c0 13.3-10.7 24-24 24H24c-13.3 0-24-10.7-24-24V24C0 10.7 10.7 0 24 0h200v136c0 13.2 10.8 24 24 24zm-8 171.8c-20-12.2-33.3-29-42.7-53.8 4.5-18.5 11.6-46.6 6.2-64.2-4.7-29.4-42.4-26.5-47.8-6.8-5 18.3-.4 44.1 8.1 77-11.6 27.6-28.7 64.6-40.8 85.8-.1 0-.1.1-.2.1-27.1 13.9-73.6 44.5-54.5 68 5.6 6.9 16 10 21.5 10 17.9 0 35.7-18 61.1-61.8 25.8-8.5 54.1-19.1 79-23.2 21.7 11.8 47.1 19.5 64 19.5 29.2 0 31.2-32 19.7-43.4-13.9-13.6-54.3-9.7-73.6-7.2zM377 105L279 7c-4.5-4.5-10.6-7-17-7h-6v128h128v-6.1c0-6.3-2.5-12.4-7-16.9zm-74.1 255.3c4.1-2.7-2.5-11.9-42.8-9 37.1 15.8 42.8 9 42.8 9z\"><\/path><\/svg>\t\t\t\t\t\t<\/span>\n\t\t\t\t\t\t\t\t\t\t<span class=\"elementor-icon-list-text\">Courses Download pdf<\/span>\n\t\t\t\t\t\t\t\t\t\t\t<\/a>\n\t\t\t\t\t\t\t\t\t<\/li>\n\t\t\t\t\t\t<\/ul>\n\t\t\t\t\t\t<\/div>\n\t\t\t\t<\/div>\n\t\t\t\t\t<\/div>\n\t\t<\/div>\n\t\t\t\t<div class=\"elementor-column elementor-col-50 elementor-top-column elementor-element elementor-element-7acd1f6\" data-id=\"7acd1f6\" data-element_type=\"column\" data-e-type=\"column\">\n\t\t\t<div class=\"elementor-widget-wrap elementor-element-populated\">\n\t\t\t\t\t\t<div class=\"elementor-element elementor-element-68ae04a elementor-invisible elementor-widget elementor-widget-image\" data-id=\"68ae04a\" data-element_type=\"widget\" data-e-type=\"widget\" data-settings=\"{&quot;_animation&quot;:&quot;fadeInRight&quot;}\" data-widget_type=\"image.default\">\n\t\t\t\t<div class=\"elementor-widget-container\">\n\t\t\t\t\t\t\t\t\t\t\t\t\t\t\t<img fetchpriority=\"high\" decoding=\"async\" width=\"1280\" height=\"853\" src=\"https:\/\/betauni.com\/wp-content\/uploads\/2024\/02\/happy-student-hugging-her-father-after-receiving-diploma-on-graduation-day-at-the-university-.jpg\" class=\"attachment-full size-full wp-image-72\" alt=\"\" srcset=\"https:\/\/betauni.com\/wp-content\/uploads\/2024\/02\/happy-student-hugging-her-father-after-receiving-diploma-on-graduation-day-at-the-university-.jpg 1280w, https:\/\/betauni.com\/wp-content\/uploads\/2024\/02\/happy-student-hugging-her-father-after-receiving-diploma-on-graduation-day-at-the-university--300x200.jpg 300w, https:\/\/betauni.com\/wp-content\/uploads\/2024\/02\/happy-student-hugging-her-father-after-receiving-diploma-on-graduation-day-at-the-university--1024x682.jpg 1024w, https:\/\/betauni.com\/wp-content\/uploads\/2024\/02\/happy-student-hugging-her-father-after-receiving-diploma-on-graduation-day-at-the-university--768x512.jpg 768w\" sizes=\"(max-width: 1280px) 100vw, 1280px\" \/>\t\t\t\t\t\t\t\t\t\t\t\t\t\t\t<\/div>\n\t\t\t\t<\/div>\n\t\t\t\t\t<\/div>\n\t\t<\/div>\n\t\t\t\t\t<\/div>\n\t\t<\/section>\n\t\t\t\t<section class=\"elementor-section elementor-top-section elementor-element elementor-element-4b909a6 elementor-section-boxed elementor-section-height-default elementor-section-height-default\" data-id=\"4b909a6\" data-element_type=\"section\" data-e-type=\"section\" data-settings=\"{&quot;background_background&quot;:&quot;classic&quot;}\">\n\t\t\t\t\t\t\t<div class=\"elementor-background-overlay\"><\/div>\n\t\t\t\t\t\t\t<div class=\"elementor-container elementor-column-gap-default\">\n\t\t\t\t\t<div class=\"elementor-column elementor-col-100 elementor-top-column elementor-element elementor-element-d04d209\" data-id=\"d04d209\" data-element_type=\"column\" data-e-type=\"column\">\n\t\t\t<div class=\"elementor-widget-wrap\">\n\t\t\t\t\t\t\t<\/div>\n\t\t<\/div>\n\t\t\t\t\t<\/div>\n\t\t<\/section>\n\t\t\t\t<section class=\"elementor-section elementor-top-section elementor-element elementor-element-08aba78 elementor-section-boxed elementor-section-height-default elementor-section-height-default\" data-id=\"08aba78\" data-element_type=\"section\" data-e-type=\"section\">\n\t\t\t\t\t\t<div class=\"elementor-container elementor-column-gap-default\">\n\t\t\t\t\t<div class=\"elementor-column elementor-col-100 elementor-top-column elementor-element elementor-element-e2dc44b\" data-id=\"e2dc44b\" data-element_type=\"column\" data-e-type=\"column\">\n\t\t\t<div class=\"elementor-widget-wrap\">\n\t\t\t\t\t\t\t<\/div>\n\t\t<\/div>\n\t\t\t\t\t<\/div>\n\t\t<\/section>\n\t\t\t\t<\/div>","protected":false},"excerpt":{"rendered":"<p>Master of Science in Healthcare Management Home Master of Science in Healthcare Management TOTAL CREDITS: 36 PROGRAM DESCRIPTION Uniquely designed for the busy professional, the courses are planned and updated in accordance with the changing healthcare environment. In addition to preparing, you for executive-level positions, you\u2019ll be challenged through an array of academic methodologies, including [&hellip;]<\/p>\n","protected":false},"author":3,"featured_media":0,"parent":0,"menu_order":0,"comment_status":"closed","ping_status":"closed","template":"elementor_header_footer","meta":{"_coblocks_attr":"","_coblocks_dimensions":"","_coblocks_responsive_height":"","_coblocks_accordion_ie_support":"","hide_page_title":"","_joinchat":[],"footnotes":""},"class_list":["post-380","page","type-page","status-publish","hentry"],"yoast_head":"<!-- This site is optimized with the Yoast SEO plugin v27.5 - https:\/\/yoast.com\/product\/yoast-seo-wordpress\/ -->\n<title>Master of Science in Healthcare Management - betauni.com<\/title>\n<meta name=\"robots\" content=\"index, follow, max-snippet:-1, max-image-preview:large, max-video-preview:-1\" \/>\n<link rel=\"canonical\" href=\"https:\/\/betauni.com\/es\/elementor-380\/\" \/>\n<meta property=\"og:locale\" content=\"es_ES\" \/>\n<meta property=\"og:type\" content=\"article\" \/>\n<meta property=\"og:title\" content=\"Master of Science in Healthcare Management - betauni.com\" \/>\n<meta property=\"og:description\" content=\"Master of Science in Healthcare Management Home Master of Science in Healthcare Management TOTAL CREDITS: 36 PROGRAM DESCRIPTION Uniquely designed for the busy professional, the courses are planned and updated in accordance with the changing healthcare environment. In addition to preparing, you for executive-level positions, you\u2019ll be challenged through an array of academic methodologies, including [&hellip;]\" \/>\n<meta property=\"og:url\" content=\"https:\/\/betauni.com\/es\/elementor-380\/\" \/>\n<meta property=\"og:site_name\" content=\"betauni.com\" \/>\n<meta property=\"article:modified_time\" content=\"2026-03-04T00:41:12+00:00\" \/>\n<meta property=\"og:image\" content=\"https:\/\/betauni.com\/wp-content\/uploads\/2024\/02\/happy-student-hugging-her-father-after-receiving-diploma-on-graduation-day-at-the-university-.jpg\" \/>\n\t<meta property=\"og:image:width\" content=\"1280\" \/>\n\t<meta property=\"og:image:height\" content=\"853\" \/>\n\t<meta property=\"og:image:type\" content=\"image\/jpeg\" \/>\n<meta name=\"twitter:card\" content=\"summary_large_image\" \/>\n<meta name=\"twitter:label1\" content=\"Tiempo de lectura\" \/>\n\t<meta name=\"twitter:data1\" content=\"1 minuto\" \/>\n<script type=\"application\/ld+json\" class=\"yoast-schema-graph\">{\"@context\":\"https:\\\/\\\/schema.org\",\"@graph\":[{\"@type\":\"WebPage\",\"@id\":\"https:\\\/\\\/betauni.com\\\/elementor-380\\\/\",\"url\":\"https:\\\/\\\/betauni.com\\\/elementor-380\\\/\",\"name\":\"Master of Science in Healthcare Management - betauni.com\",\"isPartOf\":{\"@id\":\"https:\\\/\\\/betauni.com\\\/#website\"},\"primaryImageOfPage\":{\"@id\":\"https:\\\/\\\/betauni.com\\\/elementor-380\\\/#primaryimage\"},\"image\":{\"@id\":\"https:\\\/\\\/betauni.com\\\/elementor-380\\\/#primaryimage\"},\"thumbnailUrl\":\"https:\\\/\\\/betauni.com\\\/wp-content\\\/uploads\\\/2024\\\/02\\\/happy-student-hugging-her-father-after-receiving-diploma-on-graduation-day-at-the-university-.jpg\",\"datePublished\":\"2024-02-24T23:16:08+00:00\",\"dateModified\":\"2026-03-04T00:41:12+00:00\",\"breadcrumb\":{\"@id\":\"https:\\\/\\\/betauni.com\\\/elementor-380\\\/#breadcrumb\"},\"inLanguage\":\"es-CO\",\"potentialAction\":[{\"@type\":\"ReadAction\",\"target\":[\"https:\\\/\\\/betauni.com\\\/elementor-380\\\/\"]}]},{\"@type\":\"ImageObject\",\"inLanguage\":\"es-CO\",\"@id\":\"https:\\\/\\\/betauni.com\\\/elementor-380\\\/#primaryimage\",\"url\":\"https:\\\/\\\/betauni.com\\\/wp-content\\\/uploads\\\/2024\\\/02\\\/happy-student-hugging-her-father-after-receiving-diploma-on-graduation-day-at-the-university-.jpg\",\"contentUrl\":\"https:\\\/\\\/betauni.com\\\/wp-content\\\/uploads\\\/2024\\\/02\\\/happy-student-hugging-her-father-after-receiving-diploma-on-graduation-day-at-the-university-.jpg\"},{\"@type\":\"BreadcrumbList\",\"@id\":\"https:\\\/\\\/betauni.com\\\/elementor-380\\\/#breadcrumb\",\"itemListElement\":[{\"@type\":\"ListItem\",\"position\":1,\"name\":\"Home\",\"item\":\"https:\\\/\\\/betauni.com\\\/\"},{\"@type\":\"ListItem\",\"position\":2,\"name\":\"Master of Science in Healthcare Management\"}]},{\"@type\":\"WebSite\",\"@id\":\"https:\\\/\\\/betauni.com\\\/#website\",\"url\":\"https:\\\/\\\/betauni.com\\\/\",\"name\":\"betauni.com\",\"description\":\"\",\"potentialAction\":[{\"@type\":\"SearchAction\",\"target\":{\"@type\":\"EntryPoint\",\"urlTemplate\":\"https:\\\/\\\/betauni.com\\\/?s={search_term_string}\"},\"query-input\":{\"@type\":\"PropertyValueSpecification\",\"valueRequired\":true,\"valueName\":\"search_term_string\"}}],\"inLanguage\":\"es-CO\"}]}<\/script>\n<!-- \/ Yoast SEO plugin. -->","yoast_head_json":{"title":"Master of Science in Healthcare Management - betauni.com","robots":{"index":"index","follow":"follow","max-snippet":"max-snippet:-1","max-image-preview":"max-image-preview:large","max-video-preview":"max-video-preview:-1"},"canonical":"https:\/\/betauni.com\/es\/elementor-380\/","og_locale":"es_ES","og_type":"article","og_title":"Master of Science in Healthcare Management - betauni.com","og_description":"Master of Science in Healthcare Management Home Master of Science in Healthcare Management TOTAL CREDITS: 36 PROGRAM DESCRIPTION Uniquely designed for the busy professional, the courses are planned and updated in accordance with the changing healthcare environment. In addition to preparing, you for executive-level positions, you\u2019ll be challenged through an array of academic methodologies, including [&hellip;]","og_url":"https:\/\/betauni.com\/es\/elementor-380\/","og_site_name":"betauni.com","article_modified_time":"2026-03-04T00:41:12+00:00","og_image":[{"width":1280,"height":853,"url":"https:\/\/betauni.com\/wp-content\/uploads\/2024\/02\/happy-student-hugging-her-father-after-receiving-diploma-on-graduation-day-at-the-university-.jpg","type":"image\/jpeg"}],"twitter_card":"summary_large_image","twitter_misc":{"Tiempo de lectura":"1 minuto"},"schema":{"@context":"https:\/\/schema.org","@graph":[{"@type":"WebPage","@id":"https:\/\/betauni.com\/elementor-380\/","url":"https:\/\/betauni.com\/elementor-380\/","name":"Master of Science in Healthcare Management - betauni.com","isPartOf":{"@id":"https:\/\/betauni.com\/#website"},"primaryImageOfPage":{"@id":"https:\/\/betauni.com\/elementor-380\/#primaryimage"},"image":{"@id":"https:\/\/betauni.com\/elementor-380\/#primaryimage"},"thumbnailUrl":"https:\/\/betauni.com\/wp-content\/uploads\/2024\/02\/happy-student-hugging-her-father-after-receiving-diploma-on-graduation-day-at-the-university-.jpg","datePublished":"2024-02-24T23:16:08+00:00","dateModified":"2026-03-04T00:41:12+00:00","breadcrumb":{"@id":"https:\/\/betauni.com\/elementor-380\/#breadcrumb"},"inLanguage":"es-CO","potentialAction":[{"@type":"ReadAction","target":["https:\/\/betauni.com\/elementor-380\/"]}]},{"@type":"ImageObject","inLanguage":"es-CO","@id":"https:\/\/betauni.com\/elementor-380\/#primaryimage","url":"https:\/\/betauni.com\/wp-content\/uploads\/2024\/02\/happy-student-hugging-her-father-after-receiving-diploma-on-graduation-day-at-the-university-.jpg","contentUrl":"https:\/\/betauni.com\/wp-content\/uploads\/2024\/02\/happy-student-hugging-her-father-after-receiving-diploma-on-graduation-day-at-the-university-.jpg"},{"@type":"BreadcrumbList","@id":"https:\/\/betauni.com\/elementor-380\/#breadcrumb","itemListElement":[{"@type":"ListItem","position":1,"name":"Home","item":"https:\/\/betauni.com\/"},{"@type":"ListItem","position":2,"name":"Master of Science in Healthcare Management"}]},{"@type":"WebSite","@id":"https:\/\/betauni.com\/#website","url":"https:\/\/betauni.com\/","name":"betauni.com","description":"","potentialAction":[{"@type":"SearchAction","target":{"@type":"EntryPoint","urlTemplate":"https:\/\/betauni.com\/?s={search_term_string}"},"query-input":{"@type":"PropertyValueSpecification","valueRequired":true,"valueName":"search_term_string"}}],"inLanguage":"es-CO"}]}},"_links":{"self":[{"href":"https:\/\/betauni.com\/es\/wp-json\/wp\/v2\/pages\/380","targetHints":{"allow":["GET"]}}],"collection":[{"href":"https:\/\/betauni.com\/es\/wp-json\/wp\/v2\/pages"}],"about":[{"href":"https:\/\/betauni.com\/es\/wp-json\/wp\/v2\/types\/page"}],"author":[{"embeddable":true,"href":"https:\/\/betauni.com\/es\/wp-json\/wp\/v2\/users\/3"}],"replies":[{"embeddable":true,"href":"https:\/\/betauni.com\/es\/wp-json\/wp\/v2\/comments?post=380"}],"version-history":[{"count":55,"href":"https:\/\/betauni.com\/es\/wp-json\/wp\/v2\/pages\/380\/revisions"}],"predecessor-version":[{"id":1777,"href":"https:\/\/betauni.com\/es\/wp-json\/wp\/v2\/pages\/380\/revisions\/1777"}],"wp:attachment":[{"href":"https:\/\/betauni.com\/es\/wp-json\/wp\/v2\/media?parent=380"}],"curies":[{"name":"wp","href":"https:\/\/api.w.org\/{rel}","templated":true}]}}