{"id":348,"date":"2024-02-24T22:03:45","date_gmt":"2024-02-24T22:03:45","guid":{"rendered":"https:\/\/betauni.com\/?page_id=348"},"modified":"2026-02-26T15:58:17","modified_gmt":"2026-02-26T15:58:17","slug":"admissions","status":"publish","type":"page","link":"https:\/\/betauni.com\/es\/admissions\/","title":{"rendered":"Admisi\u00f3n"},"content":{"rendered":"<div data-elementor-type=\"wp-page\" data-elementor-id=\"348\" class=\"elementor elementor-348\" data-elementor-post-type=\"page\">\n\t\t\t\t\t\t<section class=\"elementor-section elementor-top-section elementor-element elementor-element-5f37b8b1 elementor-section-boxed elementor-section-height-default elementor-section-height-default\" data-id=\"5f37b8b1\" data-element_type=\"section\" data-e-type=\"section\" data-settings=\"{&quot;background_background&quot;:&quot;classic&quot;}\">\n\t\t\t\t\t\t\t<div class=\"elementor-background-overlay\"><\/div>\n\t\t\t\t\t\t\t<div class=\"elementor-container elementor-column-gap-default\">\n\t\t\t\t\t<div class=\"elementor-column elementor-col-100 elementor-top-column elementor-element elementor-element-72bd589d\" data-id=\"72bd589d\" data-element_type=\"column\" data-e-type=\"column\">\n\t\t\t<div class=\"elementor-widget-wrap elementor-element-populated\">\n\t\t\t\t\t\t<section class=\"elementor-section elementor-inner-section elementor-element elementor-element-69e54e4 elementor-section-boxed elementor-section-height-default elementor-section-height-default\" data-id=\"69e54e4\" data-element_type=\"section\" data-e-type=\"section\">\n\t\t\t\t\t\t<div class=\"elementor-container elementor-column-gap-default\">\n\t\t\t\t\t<div class=\"elementor-column elementor-col-100 elementor-inner-column elementor-element elementor-element-3c06929d elementor-invisible\" data-id=\"3c06929d\" data-element_type=\"column\" data-e-type=\"column\" data-settings=\"{&quot;animation&quot;:&quot;fadeInUp&quot;}\">\n\t\t\t<div class=\"elementor-widget-wrap elementor-element-populated\">\n\t\t\t\t\t\t<div class=\"elementor-element elementor-element-5810d75 elementor-widget elementor-widget-heading\" data-id=\"5810d75\" data-element_type=\"widget\" data-e-type=\"widget\" data-widget_type=\"heading.default\">\n\t\t\t\t<div class=\"elementor-widget-container\">\n\t\t\t\t\t<h2 class=\"elementor-heading-title elementor-size-default\">Admisi\u00f3n<\/h2>\t\t\t\t<\/div>\n\t\t\t\t<\/div>\n\t\t\t\t<div class=\"elementor-element elementor-element-7310b112 elementor-icon-list--layout-inline elementor-widget__width-auto elementor-list-item-link-full_width elementor-widget elementor-widget-icon-list\" data-id=\"7310b112\" data-element_type=\"widget\" data-e-type=\"widget\" data-widget_type=\"icon-list.default\">\n\t\t\t\t<div class=\"elementor-widget-container\">\n\t\t\t\t\t\t\t<ul class=\"elementor-icon-list-items elementor-inline-items\">\n\t\t\t\t\t\t\t<li class=\"elementor-icon-list-item elementor-inline-item\">\n\t\t\t\t\t\t\t\t\t\t\t<a href=\"#\">\n\n\t\t\t\t\t\t\t\t\t\t\t<span class=\"elementor-icon-list-text\">Inicio<\/span>\n\t\t\t\t\t\t\t\t\t\t\t<\/a>\n\t\t\t\t\t\t\t\t\t<\/li>\n\t\t\t\t\t\t\t\t<li class=\"elementor-icon-list-item elementor-inline-item\">\n\t\t\t\t\t\t\t\t\t\t\t<a href=\"#\">\n\n\t\t\t\t\t\t\t\t\t\t\t\t<span class=\"elementor-icon-list-icon\">\n\t\t\t\t\t\t\t<svg aria-hidden=\"true\" class=\"e-font-icon-svg e-fas-chevron-right\" viewbox=\"0 0 320 512\" xmlns=\"http:\/\/www.w3.org\/2000\/svg\"><path d=\"M285.476 272.971L91.132 467.314c-9.373 9.373-24.569 9.373-33.941 0l-22.667-22.667c-9.357-9.357-9.375-24.522-.04-33.901L188.505 256 34.484 101.255c-9.335-9.379-9.317-24.544.04-33.901l22.667-22.667c9.373-9.373 24.569-9.373 33.941 0L285.475 239.03c9.373 9.372 9.373 24.568.001 33.941z\"><\/path><\/svg>\t\t\t\t\t\t<\/span>\n\t\t\t\t\t\t\t\t\t\t<span class=\"elementor-icon-list-text\"><\/span>\n\t\t\t\t\t\t\t\t\t\t\t<\/a>\n\t\t\t\t\t\t\t\t\t<\/li>\n\t\t\t\t\t\t<\/ul>\n\t\t\t\t\t\t<\/div>\n\t\t\t\t<\/div>\n\t\t\t\t\t<\/div>\n\t\t<\/div>\n\t\t\t\t\t<\/div>\n\t\t<\/section>\n\t\t\t\t\t<\/div>\n\t\t<\/div>\n\t\t\t\t\t<\/div>\n\t\t<\/section>\n\t\t\t\t<section class=\"elementor-section elementor-top-section elementor-element elementor-element-555886c elementor-section-boxed elementor-section-height-default elementor-section-height-default\" data-id=\"555886c\" data-element_type=\"section\" data-e-type=\"section\">\n\t\t\t\t\t\t<div class=\"elementor-container elementor-column-gap-default\">\n\t\t\t\t\t<div class=\"elementor-column elementor-col-100 elementor-top-column elementor-element elementor-element-5da53cdd\" data-id=\"5da53cdd\" data-element_type=\"column\" data-e-type=\"column\">\n\t\t\t<div class=\"elementor-widget-wrap elementor-element-populated\">\n\t\t\t\t\t\t<section class=\"elementor-section elementor-inner-section elementor-element elementor-element-176a9e85 elementor-section-boxed elementor-section-height-default elementor-section-height-default\" data-id=\"176a9e85\" data-element_type=\"section\" data-e-type=\"section\">\n\t\t\t\t\t\t<div class=\"elementor-container elementor-column-gap-no\">\n\t\t\t\t\t<div class=\"elementor-column elementor-col-50 elementor-inner-column elementor-element elementor-element-26c5d748\" data-id=\"26c5d748\" data-element_type=\"column\" data-e-type=\"column\">\n\t\t\t<div class=\"elementor-widget-wrap elementor-element-populated\">\n\t\t\t\t\t\t<div class=\"elementor-element elementor-element-686897b3 elementor-widget__width-auto elementor-widget elementor-widget-heading\" data-id=\"686897b3\" data-element_type=\"widget\" data-e-type=\"widget\" data-widget_type=\"heading.default\">\n\t\t\t\t<div class=\"elementor-widget-container\">\n\t\t\t\t\t<h2 class=\"elementor-heading-title elementor-size-default\">REQUISITOS DE ADMISI\u00d3N <\/h2>\t\t\t\t<\/div>\n\t\t\t\t<\/div>\n\t\t\t\t<div class=\"elementor-element elementor-element-3e3c0c43 elementor-widget elementor-widget-elementskit-heading\" data-id=\"3e3c0c43\" data-element_type=\"widget\" data-e-type=\"widget\" data-widget_type=\"elementskit-heading.default\">\n\t\t\t\t<div class=\"elementor-widget-container\">\n\t\t\t\t\t<div class=\"ekit-wid-con\" ><div class=\"ekit-heading elementskit-section-title-wraper text_left   ekit_heading_tablet-   ekit_heading_mobile-\"><h2 class=\"ekit-heading--title elementskit-section-title\">1. PROGRAMAS DE GRADO<\/h2>\t\t\t\t<div class='ekit-heading__description'>\n\t\t\t\t\t<ul>\n<li>\n<ul>\n<li>Presentar prueba de un Diploma de Escuela Secundaria, GED, o prueba de t\u00edtulo de Educaci\u00f3n Postsecundaria en forma de expedientes acad\u00e9micos<\/li>\n<li>Enviar una Solicitud de Admisi\u00f3n completa<\/li>\n<li>Abonar una Tarifa de Inscripci\u00f3n no reembolsable de $100<\/li>\n<li>Copia de identificaci\u00f3n v\u00e1lida emitida por el gobierno<\/li>\n<\/ul>\n<\/li>\n<\/ul>\n\t\t\t\t<\/div>\n\t\t\t<\/div><\/div>\t\t\t\t<\/div>\n\t\t\t\t<\/div>\n\t\t\t\t<div class=\"elementor-element elementor-element-6fa0b80e elementor-widget elementor-widget-elementskit-heading\" data-id=\"6fa0b80e\" data-element_type=\"widget\" data-e-type=\"widget\" data-widget_type=\"elementskit-heading.default\">\n\t\t\t\t<div class=\"elementor-widget-container\">\n\t\t\t\t\t<div class=\"ekit-wid-con\" ><div class=\"ekit-heading elementskit-section-title-wraper text_left   ekit_heading_tablet-   ekit_heading_mobile-\"><h2 class=\"ekit-heading--title elementskit-section-title\">2. PROGRAMAS DE POSGRADO<\/h2>\t\t\t\t<div class='ekit-heading__description'>\n\t\t\t\t\t<ul>\n<li>Presentar prueba de un t\u00edtulo de Licenciatura en forma de expedientes acad\u00e9micos<\/li>\n<li>Enviar una Solicitud de Admisi\u00f3n completa<\/li>\n<li>Abonar una Tarifa de Inscripci\u00f3n no reembolsable de $100<\/li>\n<li>Copia de Identificaci\u00f3n V\u00e1lida emitida por el Gobierno<\/li>\n<\/ul>\n\t\t\t\t<\/div>\n\t\t\t<\/div><\/div>\t\t\t\t<\/div>\n\t\t\t\t<\/div>\n\t\t\t\t<div class=\"elementor-element elementor-element-cf7c84b elementor-icon-list--layout-traditional elementor-list-item-link-full_width elementor-widget elementor-widget-icon-list\" data-id=\"cf7c84b\" data-element_type=\"widget\" data-e-type=\"widget\" data-widget_type=\"icon-list.default\">\n\t\t\t\t<div class=\"elementor-widget-container\">\n\t\t\t\t\t\t\t<ul class=\"elementor-icon-list-items\">\n\t\t\t\t\t\t\t<li class=\"elementor-icon-list-item\">\n\t\t\t\t\t\t\t\t\t\t\t<a href=\"https:\/\/bet-web.scansoftware.com\/cafeweb\/tapestry?page=Application\">\n\n\t\t\t\t\t\t\t\t\t\t\t\t<span class=\"elementor-icon-list-icon\">\n\t\t\t\t\t\t\t<svg aria-hidden=\"true\" class=\"e-font-icon-svg e-fas-file-pdf\" viewbox=\"0 0 384 512\" xmlns=\"http:\/\/www.w3.org\/2000\/svg\"><path d=\"M181.9 256.1c-5-16-4.9-46.9-2-46.9 8.4 0 7.6 36.9 2 46.9zm-1.7 47.2c-7.7 20.2-17.3 43.3-28.4 62.7 18.3-7 39-17.2 62.9-21.9-12.7-9.6-24.9-23.4-34.5-40.8zM86.1 428.1c0 .8 13.2-5.4 34.9-40.2-6.7 6.3-29.1 24.5-34.9 40.2zM248 160h136v328c0 13.3-10.7 24-24 24H24c-13.3 0-24-10.7-24-24V24C0 10.7 10.7 0 24 0h200v136c0 13.2 10.8 24 24 24zm-8 171.8c-20-12.2-33.3-29-42.7-53.8 4.5-18.5 11.6-46.6 6.2-64.2-4.7-29.4-42.4-26.5-47.8-6.8-5 18.3-.4 44.1 8.1 77-11.6 27.6-28.7 64.6-40.8 85.8-.1 0-.1.1-.2.1-27.1 13.9-73.6 44.5-54.5 68 5.6 6.9 16 10 21.5 10 17.9 0 35.7-18 61.1-61.8 25.8-8.5 54.1-19.1 79-23.2 21.7 11.8 47.1 19.5 64 19.5 29.2 0 31.2-32 19.7-43.4-13.9-13.6-54.3-9.7-73.6-7.2zM377 105L279 7c-4.5-4.5-10.6-7-17-7h-6v128h128v-6.1c0-6.3-2.5-12.4-7-16.9zm-74.1 255.3c4.1-2.7-2.5-11.9-42.8-9 37.1 15.8 42.8 9 42.8 9z\"><\/path><\/svg>\t\t\t\t\t\t<\/span>\n\t\t\t\t\t\t\t\t\t\t<span class=\"elementor-icon-list-text\">Formulario de admisi\u00f3n<\/span>\n\t\t\t\t\t\t\t\t\t\t\t<\/a>\n\t\t\t\t\t\t\t\t\t<\/li>\n\t\t\t\t\t\t<\/ul>\n\t\t\t\t\t\t<\/div>\n\t\t\t\t<\/div>\n\t\t\t\t\t<\/div>\n\t\t<\/div>\n\t\t\t\t<div class=\"elementor-column elementor-col-50 elementor-inner-column elementor-element elementor-element-f4b76\" data-id=\"f4b76\" data-element_type=\"column\" data-e-type=\"column\" data-settings=\"{&quot;background_background&quot;:&quot;classic&quot;}\">\n\t\t\t<div class=\"elementor-widget-wrap elementor-element-populated\">\n\t\t\t\t\t\t<div class=\"elementor-element elementor-element-54800eeb elementor-widget elementor-widget-image\" data-id=\"54800eeb\" data-element_type=\"widget\" data-e-type=\"widget\" data-widget_type=\"image.default\">\n\t\t\t\t<div class=\"elementor-widget-container\">\n\t\t\t\t\t\t\t\t\t\t\t\t\t\t\t<img fetchpriority=\"high\" decoding=\"async\" width=\"1280\" height=\"1707\" src=\"https:\/\/betauni.com\/wp-content\/uploads\/2024\/02\/group-of-university-students-studying-back-to-school.jpg\" class=\"attachment-full size-full wp-image-351\" alt=\"\" srcset=\"https:\/\/betauni.com\/wp-content\/uploads\/2024\/02\/group-of-university-students-studying-back-to-school.jpg 1280w, https:\/\/betauni.com\/wp-content\/uploads\/2024\/02\/group-of-university-students-studying-back-to-school-225x300.jpg 225w, https:\/\/betauni.com\/wp-content\/uploads\/2024\/02\/group-of-university-students-studying-back-to-school-768x1024.jpg 768w, https:\/\/betauni.com\/wp-content\/uploads\/2024\/02\/group-of-university-students-studying-back-to-school-1152x1536.jpg 1152w\" sizes=\"(max-width: 1280px) 100vw, 1280px\" \/>\t\t\t\t\t\t\t\t\t\t\t\t\t\t\t<\/div>\n\t\t\t\t<\/div>\n\t\t\t\t\t<\/div>\n\t\t<\/div>\n\t\t\t\t\t<\/div>\n\t\t<\/section>\n\t\t\t\t\t<\/div>\n\t\t<\/div>\n\t\t\t\t\t<\/div>\n\t\t<\/section>\n\t\t\t\t<\/div>","protected":false},"excerpt":{"rendered":"<p>Admissions Home ADMISSION REQUIREMENTS 1. UNDERGRADUATE PROGRAMS Submit proof of a High School Diploma, GED, or proof of Post Secondary degree in the form of transcripts Submit a completed Admissions Application Submit a $100 nonrefundable Registration Fee Copy of valid government-issued ID 2. GRADUATE PROGRAMS Submit proof of a Bachelor\u2019s degree in the form of [&hellip;]<\/p>\n","protected":false},"author":3,"featured_media":0,"parent":0,"menu_order":0,"comment_status":"closed","ping_status":"closed","template":"elementor_header_footer","meta":{"_coblocks_attr":"","_coblocks_dimensions":"","_coblocks_responsive_height":"","_coblocks_accordion_ie_support":"","hide_page_title":"","_joinchat":[],"footnotes":""},"class_list":["post-348","page","type-page","status-publish","hentry"],"yoast_head":"<!-- This site is optimized with the Yoast SEO plugin v27.5 - https:\/\/yoast.com\/product\/yoast-seo-wordpress\/ -->\n<title>Admissions - betauni.com<\/title>\n<meta name=\"robots\" content=\"index, follow, max-snippet:-1, max-image-preview:large, max-video-preview:-1\" \/>\n<link rel=\"canonical\" href=\"https:\/\/betauni.com\/es\/admissions\/\" \/>\n<meta property=\"og:locale\" content=\"es_ES\" \/>\n<meta property=\"og:type\" content=\"article\" \/>\n<meta property=\"og:title\" content=\"Admissions - betauni.com\" \/>\n<meta property=\"og:description\" content=\"Admissions Home ADMISSION REQUIREMENTS 1. UNDERGRADUATE PROGRAMS Submit proof of a High School Diploma, GED, or proof of Post Secondary degree in the form of transcripts Submit a completed Admissions Application Submit a $100 nonrefundable Registration Fee Copy of valid government-issued ID 2. GRADUATE PROGRAMS Submit proof of a Bachelor\u2019s degree in the form of [&hellip;]\" \/>\n<meta property=\"og:url\" content=\"https:\/\/betauni.com\/es\/admissions\/\" \/>\n<meta property=\"og:site_name\" content=\"betauni.com\" \/>\n<meta property=\"article:modified_time\" content=\"2026-02-26T15:58:17+00:00\" \/>\n<meta property=\"og:image\" content=\"https:\/\/betauni.com\/wp-content\/uploads\/2024\/02\/group-of-university-students-studying-back-to-school.jpg\" \/>\n\t<meta property=\"og:image:width\" content=\"1280\" \/>\n\t<meta property=\"og:image:height\" content=\"1707\" \/>\n\t<meta property=\"og:image:type\" content=\"image\/jpeg\" \/>\n<meta name=\"twitter:card\" content=\"summary_large_image\" \/>\n<meta name=\"twitter:label1\" content=\"Tiempo de lectura\" \/>\n\t<meta name=\"twitter:data1\" content=\"1 minuto\" \/>\n<script type=\"application\/ld+json\" class=\"yoast-schema-graph\">{\"@context\":\"https:\\\/\\\/schema.org\",\"@graph\":[{\"@type\":\"WebPage\",\"@id\":\"https:\\\/\\\/betauni.com\\\/admissions\\\/\",\"url\":\"https:\\\/\\\/betauni.com\\\/admissions\\\/\",\"name\":\"Admissions - betauni.com\",\"isPartOf\":{\"@id\":\"https:\\\/\\\/betauni.com\\\/#website\"},\"primaryImageOfPage\":{\"@id\":\"https:\\\/\\\/betauni.com\\\/admissions\\\/#primaryimage\"},\"image\":{\"@id\":\"https:\\\/\\\/betauni.com\\\/admissions\\\/#primaryimage\"},\"thumbnailUrl\":\"https:\\\/\\\/betauni.com\\\/wp-content\\\/uploads\\\/2024\\\/02\\\/group-of-university-students-studying-back-to-school.jpg\",\"datePublished\":\"2024-02-24T22:03:45+00:00\",\"dateModified\":\"2026-02-26T15:58:17+00:00\",\"breadcrumb\":{\"@id\":\"https:\\\/\\\/betauni.com\\\/admissions\\\/#breadcrumb\"},\"inLanguage\":\"es-CO\",\"potentialAction\":[{\"@type\":\"ReadAction\",\"target\":[\"https:\\\/\\\/betauni.com\\\/admissions\\\/\"]}]},{\"@type\":\"ImageObject\",\"inLanguage\":\"es-CO\",\"@id\":\"https:\\\/\\\/betauni.com\\\/admissions\\\/#primaryimage\",\"url\":\"https:\\\/\\\/betauni.com\\\/wp-content\\\/uploads\\\/2024\\\/02\\\/group-of-university-students-studying-back-to-school.jpg\",\"contentUrl\":\"https:\\\/\\\/betauni.com\\\/wp-content\\\/uploads\\\/2024\\\/02\\\/group-of-university-students-studying-back-to-school.jpg\"},{\"@type\":\"BreadcrumbList\",\"@id\":\"https:\\\/\\\/betauni.com\\\/admissions\\\/#breadcrumb\",\"itemListElement\":[{\"@type\":\"ListItem\",\"position\":1,\"name\":\"Home\",\"item\":\"https:\\\/\\\/betauni.com\\\/\"},{\"@type\":\"ListItem\",\"position\":2,\"name\":\"Admissions\"}]},{\"@type\":\"WebSite\",\"@id\":\"https:\\\/\\\/betauni.com\\\/#website\",\"url\":\"https:\\\/\\\/betauni.com\\\/\",\"name\":\"betauni.com\",\"description\":\"\",\"potentialAction\":[{\"@type\":\"SearchAction\",\"target\":{\"@type\":\"EntryPoint\",\"urlTemplate\":\"https:\\\/\\\/betauni.com\\\/?s={search_term_string}\"},\"query-input\":{\"@type\":\"PropertyValueSpecification\",\"valueRequired\":true,\"valueName\":\"search_term_string\"}}],\"inLanguage\":\"es-CO\"}]}<\/script>\n<!-- \/ Yoast SEO plugin. -->","yoast_head_json":{"title":"Admissions - betauni.com","robots":{"index":"index","follow":"follow","max-snippet":"max-snippet:-1","max-image-preview":"max-image-preview:large","max-video-preview":"max-video-preview:-1"},"canonical":"https:\/\/betauni.com\/es\/admissions\/","og_locale":"es_ES","og_type":"article","og_title":"Admissions - betauni.com","og_description":"Admissions Home ADMISSION REQUIREMENTS 1. UNDERGRADUATE PROGRAMS Submit proof of a High School Diploma, GED, or proof of Post Secondary degree in the form of transcripts Submit a completed Admissions Application Submit a $100 nonrefundable Registration Fee Copy of valid government-issued ID 2. GRADUATE PROGRAMS Submit proof of a Bachelor\u2019s degree in the form of [&hellip;]","og_url":"https:\/\/betauni.com\/es\/admissions\/","og_site_name":"betauni.com","article_modified_time":"2026-02-26T15:58:17+00:00","og_image":[{"width":1280,"height":1707,"url":"https:\/\/betauni.com\/wp-content\/uploads\/2024\/02\/group-of-university-students-studying-back-to-school.jpg","type":"image\/jpeg"}],"twitter_card":"summary_large_image","twitter_misc":{"Tiempo de lectura":"1 minuto"},"schema":{"@context":"https:\/\/schema.org","@graph":[{"@type":"WebPage","@id":"https:\/\/betauni.com\/admissions\/","url":"https:\/\/betauni.com\/admissions\/","name":"Admissions - betauni.com","isPartOf":{"@id":"https:\/\/betauni.com\/#website"},"primaryImageOfPage":{"@id":"https:\/\/betauni.com\/admissions\/#primaryimage"},"image":{"@id":"https:\/\/betauni.com\/admissions\/#primaryimage"},"thumbnailUrl":"https:\/\/betauni.com\/wp-content\/uploads\/2024\/02\/group-of-university-students-studying-back-to-school.jpg","datePublished":"2024-02-24T22:03:45+00:00","dateModified":"2026-02-26T15:58:17+00:00","breadcrumb":{"@id":"https:\/\/betauni.com\/admissions\/#breadcrumb"},"inLanguage":"es-CO","potentialAction":[{"@type":"ReadAction","target":["https:\/\/betauni.com\/admissions\/"]}]},{"@type":"ImageObject","inLanguage":"es-CO","@id":"https:\/\/betauni.com\/admissions\/#primaryimage","url":"https:\/\/betauni.com\/wp-content\/uploads\/2024\/02\/group-of-university-students-studying-back-to-school.jpg","contentUrl":"https:\/\/betauni.com\/wp-content\/uploads\/2024\/02\/group-of-university-students-studying-back-to-school.jpg"},{"@type":"BreadcrumbList","@id":"https:\/\/betauni.com\/admissions\/#breadcrumb","itemListElement":[{"@type":"ListItem","position":1,"name":"Home","item":"https:\/\/betauni.com\/"},{"@type":"ListItem","position":2,"name":"Admissions"}]},{"@type":"WebSite","@id":"https:\/\/betauni.com\/#website","url":"https:\/\/betauni.com\/","name":"betauni.com","description":"","potentialAction":[{"@type":"SearchAction","target":{"@type":"EntryPoint","urlTemplate":"https:\/\/betauni.com\/?s={search_term_string}"},"query-input":{"@type":"PropertyValueSpecification","valueRequired":true,"valueName":"search_term_string"}}],"inLanguage":"es-CO"}]}},"_links":{"self":[{"href":"https:\/\/betauni.com\/es\/wp-json\/wp\/v2\/pages\/348","targetHints":{"allow":["GET"]}}],"collection":[{"href":"https:\/\/betauni.com\/es\/wp-json\/wp\/v2\/pages"}],"about":[{"href":"https:\/\/betauni.com\/es\/wp-json\/wp\/v2\/types\/page"}],"author":[{"embeddable":true,"href":"https:\/\/betauni.com\/es\/wp-json\/wp\/v2\/users\/3"}],"replies":[{"embeddable":true,"href":"https:\/\/betauni.com\/es\/wp-json\/wp\/v2\/comments?post=348"}],"version-history":[{"count":27,"href":"https:\/\/betauni.com\/es\/wp-json\/wp\/v2\/pages\/348\/revisions"}],"predecessor-version":[{"id":1748,"href":"https:\/\/betauni.com\/es\/wp-json\/wp\/v2\/pages\/348\/revisions\/1748"}],"wp:attachment":[{"href":"https:\/\/betauni.com\/es\/wp-json\/wp\/v2\/media?parent=348"}],"curies":[{"name":"wp","href":"https:\/\/api.w.org\/{rel}","templated":true}]}}