{"id":256,"date":"2024-02-24T18:07:39","date_gmt":"2024-02-24T18:07:39","guid":{"rendered":"https:\/\/betauni.com\/?page_id=256"},"modified":"2026-03-04T00:42:29","modified_gmt":"2026-03-04T00:42:29","slug":"academics","status":"publish","type":"page","link":"https:\/\/betauni.com\/es\/academics\/","title":{"rendered":"Master of Science in Business Administration"},"content":{"rendered":"<div data-elementor-type=\"wp-page\" data-elementor-id=\"256\" class=\"elementor elementor-256\" data-elementor-post-type=\"page\">\n\t\t\t\t\t\t<section class=\"elementor-section elementor-top-section elementor-element elementor-element-72b176a6 elementor-section-boxed elementor-section-height-default elementor-section-height-default\" data-id=\"72b176a6\" data-element_type=\"section\" data-e-type=\"section\" data-settings=\"{&quot;background_background&quot;:&quot;classic&quot;}\">\n\t\t\t\t\t\t\t<div class=\"elementor-background-overlay\"><\/div>\n\t\t\t\t\t\t\t<div class=\"elementor-container elementor-column-gap-default\">\n\t\t\t\t\t<div class=\"elementor-column elementor-col-100 elementor-top-column elementor-element elementor-element-3293a87c\" data-id=\"3293a87c\" data-element_type=\"column\" data-e-type=\"column\">\n\t\t\t<div class=\"elementor-widget-wrap elementor-element-populated\">\n\t\t\t\t\t\t<section class=\"elementor-section elementor-inner-section elementor-element elementor-element-23059dd1 elementor-section-boxed elementor-section-height-default elementor-section-height-default\" data-id=\"23059dd1\" data-element_type=\"section\" data-e-type=\"section\">\n\t\t\t\t\t\t<div class=\"elementor-container elementor-column-gap-default\">\n\t\t\t\t\t<div class=\"elementor-column elementor-col-100 elementor-inner-column elementor-element elementor-element-65d0bd68 elementor-invisible\" data-id=\"65d0bd68\" data-element_type=\"column\" data-e-type=\"column\" data-settings=\"{&quot;animation&quot;:&quot;fadeInUp&quot;}\">\n\t\t\t<div class=\"elementor-widget-wrap elementor-element-populated\">\n\t\t\t\t\t\t<div class=\"elementor-element elementor-element-62d720a elementor-widget elementor-widget-heading\" data-id=\"62d720a\" data-element_type=\"widget\" data-e-type=\"widget\" data-widget_type=\"heading.default\">\n\t\t\t\t<div class=\"elementor-widget-container\">\n\t\t\t\t\t<h2 class=\"elementor-heading-title elementor-size-default\">Master of Science in Business Administration<\/h2>\t\t\t\t<\/div>\n\t\t\t\t<\/div>\n\t\t\t\t<div class=\"elementor-element elementor-element-7b7b8129 elementor-icon-list--layout-inline elementor-widget__width-auto elementor-list-item-link-full_width elementor-widget elementor-widget-icon-list\" data-id=\"7b7b8129\" data-element_type=\"widget\" data-e-type=\"widget\" data-widget_type=\"icon-list.default\">\n\t\t\t\t<div class=\"elementor-widget-container\">\n\t\t\t\t\t\t\t<ul class=\"elementor-icon-list-items elementor-inline-items\">\n\t\t\t\t\t\t\t<li class=\"elementor-icon-list-item elementor-inline-item\">\n\t\t\t\t\t\t\t\t\t\t\t<a href=\"#\">\n\n\t\t\t\t\t\t\t\t\t\t\t<span class=\"elementor-icon-list-text\">Inicio<\/span>\n\t\t\t\t\t\t\t\t\t\t\t<\/a>\n\t\t\t\t\t\t\t\t\t<\/li>\n\t\t\t\t\t\t<\/ul>\n\t\t\t\t\t\t<\/div>\n\t\t\t\t<\/div>\n\t\t\t\t\t<\/div>\n\t\t<\/div>\n\t\t\t\t\t<\/div>\n\t\t<\/section>\n\t\t\t\t\t<\/div>\n\t\t<\/div>\n\t\t\t\t\t<\/div>\n\t\t<\/section>\n\t\t<div class=\"elementor-element elementor-element-e77e25e e-flex e-con-boxed e-con e-parent\" data-id=\"e77e25e\" data-element_type=\"container\" data-e-type=\"container\">\n\t\t\t\t\t<div class=\"e-con-inner\">\n\t\t<div class=\"elementor-element elementor-element-7c3065e e-con-full e-flex e-con e-child\" data-id=\"7c3065e\" data-element_type=\"container\" data-e-type=\"container\">\n\t\t\t\t<\/div>\n\t\t<div class=\"elementor-element elementor-element-019e36c e-con-full e-flex e-con e-child\" data-id=\"019e36c\" data-element_type=\"container\" data-e-type=\"container\">\n\t\t\t\t<\/div>\n\t\t<div class=\"elementor-element elementor-element-1a95270 e-con-full e-flex e-con e-child\" data-id=\"1a95270\" data-element_type=\"container\" data-e-type=\"container\">\n\t\t\t\t<\/div>\n\t\t<div class=\"elementor-element elementor-element-b2f5655 e-con-full e-flex e-con e-child\" data-id=\"b2f5655\" data-element_type=\"container\" data-e-type=\"container\">\n\t\t\t\t<\/div>\n\t\t\t\t\t<\/div>\n\t\t\t\t<\/div>\n\t\t\t\t<section class=\"elementor-section elementor-top-section elementor-element elementor-element-793a9cab elementor-section-boxed elementor-section-height-default elementor-section-height-default\" data-id=\"793a9cab\" data-element_type=\"section\" data-e-type=\"section\" data-settings=\"{&quot;background_background&quot;:&quot;classic&quot;}\">\n\t\t\t\t\t\t\t<div class=\"elementor-background-overlay\"><\/div>\n\t\t\t\t\t\t\t<div class=\"elementor-container elementor-column-gap-default\">\n\t\t\t\t\t<div class=\"elementor-column elementor-col-50 elementor-top-column elementor-element elementor-element-2ebf0b3a\" data-id=\"2ebf0b3a\" data-element_type=\"column\" data-e-type=\"column\">\n\t\t\t<div class=\"elementor-widget-wrap elementor-element-populated\">\n\t\t\t\t\t\t<div class=\"elementor-element elementor-element-3ca32e6 elementor-invisible elementor-widget elementor-widget-heading\" data-id=\"3ca32e6\" data-element_type=\"widget\" data-e-type=\"widget\" data-settings=\"{&quot;_animation&quot;:&quot;fadeInUp&quot;}\" data-widget_type=\"heading.default\">\n\t\t\t\t<div class=\"elementor-widget-container\">\n\t\t\t\t\t<h2 class=\"elementor-heading-title elementor-size-default\">Master of Science in Business Administration<\/h2>\t\t\t\t<\/div>\n\t\t\t\t<\/div>\n\t\t\t\t<div class=\"elementor-element elementor-element-6466d94a elementor-widget__width-auto elementor-widget elementor-widget-heading\" data-id=\"6466d94a\" data-element_type=\"widget\" data-e-type=\"widget\" data-widget_type=\"heading.default\">\n\t\t\t\t<div class=\"elementor-widget-container\">\n\t\t\t\t\t<h2 class=\"elementor-heading-title elementor-size-default\">TOTAL CREDITS: 42<\/h2>\t\t\t\t<\/div>\n\t\t\t\t<\/div>\n\t\t\t\t<section class=\"elementor-section elementor-inner-section elementor-element elementor-element-60ef6619 elementor-section-boxed elementor-section-height-default elementor-section-height-default\" data-id=\"60ef6619\" data-element_type=\"section\" data-e-type=\"section\">\n\t\t\t\t\t\t<div class=\"elementor-container elementor-column-gap-no\">\n\t\t\t\t\t<div class=\"elementor-column elementor-col-100 elementor-inner-column elementor-element elementor-element-4276dac3 elementor-invisible\" data-id=\"4276dac3\" data-element_type=\"column\" data-e-type=\"column\" data-settings=\"{&quot;animation&quot;:&quot;fadeInUp&quot;}\">\n\t\t\t<div class=\"elementor-widget-wrap elementor-element-populated\">\n\t\t\t\t\t\t<div class=\"elementor-element elementor-element-4f6d826 elementor-position-inline-start elementor-mobile-position-inline-start elementor-view-default elementor-widget elementor-widget-icon-box\" data-id=\"4f6d826\" data-element_type=\"widget\" data-e-type=\"widget\" data-widget_type=\"icon-box.default\">\n\t\t\t\t<div class=\"elementor-widget-container\">\n\t\t\t\t\t\t\t<div class=\"elementor-icon-box-wrapper\">\n\n\t\t\t\t\t\t<div class=\"elementor-icon-box-icon\">\n\t\t\t\t<span  class=\"elementor-icon\">\n\t\t\t\t<i aria-hidden=\"true\" class=\"mdi mdi-check-decagram\"><\/i>\t\t\t\t<\/span>\n\t\t\t<\/div>\n\t\t\t\n\t\t\t\t\t\t<div class=\"elementor-icon-box-content\">\n\n\t\t\t\t\t\t\t\t\t<div class=\"elementor-icon-box-title\">\n\t\t\t\t\t\t<span  >\n\t\t\t\t\t\t\tDESCRIPCI\u00d3N DEL PROGRAMA\t\t\t\t\t\t<\/span>\n\t\t\t\t\t<\/div>\n\t\t\t\t\n\t\t\t\t\t\t\t\t\t<p class=\"elementor-icon-box-description\">\n\t\t\t\t\t\tNuestro programa de MBA est\u00e1 dise\u00f1ado para elevar tu comprensi\u00f3n del entorno empresarial global actual y equiparte con las habilidades esenciales para abordar desaf\u00edos empresariales del mundo real. A lo largo del programa, te sumergir\u00e1s en un riguroso plan de estudios que abarca \u00e1reas clave como contabilidad, gesti\u00f3n, operaciones, marketing, finanzas y econom\u00eda, brind\u00e1ndote una educaci\u00f3n avanzada en los procesos fundamentales que impulsan el \u00e9xito empresarial.\nAdem\u00e1s de adquirir conocimientos te\u00f3ricos s\u00f3lidos, tambi\u00e9n desarrollar\u00e1s habilidades pr\u00e1cticas vitales para el liderazgo efectivo y la gesti\u00f3n empresarial exitosa. A trav\u00e9s de una combinaci\u00f3n de instrucci\u00f3n acad\u00e9mica y experiencias pr\u00e1cticas, explorar\u00e1s tanto las teor\u00edas cl\u00e1sicas como las tendencias contempor\u00e1neas en la industria, y aprender\u00e1s de las mejores pr\u00e1cticas de empresas l\u00edderes en nuestro panorama corporativo diverso.\nNuestro objetivo es prepararte para sobresalir en un entorno empresarial cada vez m\u00e1s competitivo y din\u00e1mico, y para convertirte en un l\u00edder visionario y h\u00e1bil en el mundo de los negocios globales. Con un enfoque en la excelencia acad\u00e9mica, la innovaci\u00f3n y la responsabilidad social, nuestro programa MBA te proporcionar\u00e1 las herramientas y perspectivas necesarias para alcanzar el \u00e9xito en tu carrera profesional y contribuir de manera significativa al mundo empresarial de hoy y del futuro.\t\t\t\t\t<\/p>\n\t\t\t\t\n\t\t\t<\/div>\n\t\t\t\n\t\t<\/div>\n\t\t\t\t\t\t<\/div>\n\t\t\t\t<\/div>\n\t\t\t\t\t<\/div>\n\t\t<\/div>\n\t\t\t\t\t<\/div>\n\t\t<\/section>\n\t\t\t\t<div class=\"elementor-element elementor-element-f645819 elementor-icon-list--layout-traditional elementor-list-item-link-full_width elementor-widget elementor-widget-icon-list\" data-id=\"f645819\" data-element_type=\"widget\" data-e-type=\"widget\" data-widget_type=\"icon-list.default\">\n\t\t\t\t<div class=\"elementor-widget-container\">\n\t\t\t\t\t\t\t<ul class=\"elementor-icon-list-items\">\n\t\t\t\t\t\t\t<li class=\"elementor-icon-list-item\">\n\t\t\t\t\t\t\t\t\t\t\t<a href=\"https:\/\/drive.google.com\/file\/d\/1YScPWjm9lH0brPOBNWCfFw_wGLWDByIn\/view?usp=sharing\">\n\n\t\t\t\t\t\t\t\t\t\t\t\t<span class=\"elementor-icon-list-icon\">\n\t\t\t\t\t\t\t<svg aria-hidden=\"true\" class=\"e-font-icon-svg e-fas-file-pdf\" viewbox=\"0 0 384 512\" xmlns=\"http:\/\/www.w3.org\/2000\/svg\"><path d=\"M181.9 256.1c-5-16-4.9-46.9-2-46.9 8.4 0 7.6 36.9 2 46.9zm-1.7 47.2c-7.7 20.2-17.3 43.3-28.4 62.7 18.3-7 39-17.2 62.9-21.9-12.7-9.6-24.9-23.4-34.5-40.8zM86.1 428.1c0 .8 13.2-5.4 34.9-40.2-6.7 6.3-29.1 24.5-34.9 40.2zM248 160h136v328c0 13.3-10.7 24-24 24H24c-13.3 0-24-10.7-24-24V24C0 10.7 10.7 0 24 0h200v136c0 13.2 10.8 24 24 24zm-8 171.8c-20-12.2-33.3-29-42.7-53.8 4.5-18.5 11.6-46.6 6.2-64.2-4.7-29.4-42.4-26.5-47.8-6.8-5 18.3-.4 44.1 8.1 77-11.6 27.6-28.7 64.6-40.8 85.8-.1 0-.1.1-.2.1-27.1 13.9-73.6 44.5-54.5 68 5.6 6.9 16 10 21.5 10 17.9 0 35.7-18 61.1-61.8 25.8-8.5 54.1-19.1 79-23.2 21.7 11.8 47.1 19.5 64 19.5 29.2 0 31.2-32 19.7-43.4-13.9-13.6-54.3-9.7-73.6-7.2zM377 105L279 7c-4.5-4.5-10.6-7-17-7h-6v128h128v-6.1c0-6.3-2.5-12.4-7-16.9zm-74.1 255.3c4.1-2.7-2.5-11.9-42.8-9 37.1 15.8 42.8 9 42.8 9z\"><\/path><\/svg>\t\t\t\t\t\t<\/span>\n\t\t\t\t\t\t\t\t\t\t<span class=\"elementor-icon-list-text\">Courses Download pdf<\/span>\n\t\t\t\t\t\t\t\t\t\t\t<\/a>\n\t\t\t\t\t\t\t\t\t<\/li>\n\t\t\t\t\t\t<\/ul>\n\t\t\t\t\t\t<\/div>\n\t\t\t\t<\/div>\n\t\t<div class=\"elementor-element elementor-element-f5baf84 e-flex e-con-boxed e-con e-parent\" data-id=\"f5baf84\" data-element_type=\"container\" data-e-type=\"container\">\n\t\t\t\t\t<div class=\"e-con-inner\">\n\t\t\t\t\t<\/div>\n\t\t\t\t<\/div>\n\t\t\t\t\t<\/div>\n\t\t<\/div>\n\t\t\t\t<div class=\"elementor-column elementor-col-50 elementor-top-column elementor-element elementor-element-604cc70e\" data-id=\"604cc70e\" data-element_type=\"column\" data-e-type=\"column\">\n\t\t\t<div class=\"elementor-widget-wrap elementor-element-populated\">\n\t\t\t\t\t\t<section class=\"elementor-section elementor-inner-section elementor-element elementor-element-3c4d5d9 elementor-section-boxed elementor-section-height-default elementor-section-height-default elementor-invisible\" data-id=\"3c4d5d9\" data-element_type=\"section\" data-e-type=\"section\" data-settings=\"{&quot;animation&quot;:&quot;fadeInUp&quot;}\">\n\t\t\t\t\t\t<div class=\"elementor-container elementor-column-gap-no\">\n\t\t\t\t\t<div class=\"elementor-column elementor-col-100 elementor-inner-column elementor-element elementor-element-d003b4a\" data-id=\"d003b4a\" data-element_type=\"column\" data-e-type=\"column\">\n\t\t\t<div class=\"elementor-widget-wrap\">\n\t\t\t\t\t\t\t<\/div>\n\t\t<\/div>\n\t\t\t\t\t<\/div>\n\t\t<\/section>\n\t\t\t\t<div class=\"elementor-element elementor-element-58fd3123 elementor-invisible elementor-widget elementor-widget-image\" data-id=\"58fd3123\" data-element_type=\"widget\" data-e-type=\"widget\" data-settings=\"{&quot;_animation&quot;:&quot;fadeInRight&quot;}\" data-widget_type=\"image.default\">\n\t\t\t\t<div class=\"elementor-widget-container\">\n\t\t\t\t\t\t\t\t\t\t\t\t\t\t\t<img fetchpriority=\"high\" decoding=\"async\" width=\"1280\" height=\"853\" src=\"https:\/\/betauni.com\/wp-content\/uploads\/2024\/02\/happy-student-hugging-her-father-after-receiving-diploma-on-graduation-day-at-the-university-.jpg\" class=\"attachment-full size-full wp-image-72\" alt=\"\" srcset=\"https:\/\/betauni.com\/wp-content\/uploads\/2024\/02\/happy-student-hugging-her-father-after-receiving-diploma-on-graduation-day-at-the-university-.jpg 1280w, https:\/\/betauni.com\/wp-content\/uploads\/2024\/02\/happy-student-hugging-her-father-after-receiving-diploma-on-graduation-day-at-the-university--300x200.jpg 300w, https:\/\/betauni.com\/wp-content\/uploads\/2024\/02\/happy-student-hugging-her-father-after-receiving-diploma-on-graduation-day-at-the-university--1024x682.jpg 1024w, https:\/\/betauni.com\/wp-content\/uploads\/2024\/02\/happy-student-hugging-her-father-after-receiving-diploma-on-graduation-day-at-the-university--768x512.jpg 768w\" sizes=\"(max-width: 1280px) 100vw, 1280px\" \/>\t\t\t\t\t\t\t\t\t\t\t\t\t\t\t<\/div>\n\t\t\t\t<\/div>\n\t\t\t\t\t<\/div>\n\t\t<\/div>\n\t\t\t\t\t<\/div>\n\t\t<\/section>\n\t\t\t\t<\/div>","protected":false},"excerpt":{"rendered":"<p>Master of Science in Business Administration Home Master of Science in Business Administration TOTAL CREDITS: 42 PROGRAM DESCRIPTION The objective of the MBA is to enhance your understanding of today\u2019s global business environment and help you develop the necessary skills to solve real-world business problems. In our program, you will gain advanced education in the [&hellip;]<\/p>\n","protected":false},"author":4,"featured_media":0,"parent":0,"menu_order":0,"comment_status":"closed","ping_status":"closed","template":"elementor_header_footer","meta":{"_coblocks_attr":"","_coblocks_dimensions":"","_coblocks_responsive_height":"","_coblocks_accordion_ie_support":"","hide_page_title":"","_joinchat":[],"footnotes":""},"class_list":["post-256","page","type-page","status-publish","hentry"],"yoast_head":"<!-- This site is optimized with the Yoast SEO plugin v27.5 - https:\/\/yoast.com\/product\/yoast-seo-wordpress\/ -->\n<title>Master of Science in Business Administration - betauni.com<\/title>\n<meta name=\"robots\" content=\"index, follow, max-snippet:-1, max-image-preview:large, max-video-preview:-1\" \/>\n<link rel=\"canonical\" href=\"https:\/\/betauni.com\/es\/academics\/\" \/>\n<meta property=\"og:locale\" content=\"es_ES\" \/>\n<meta property=\"og:type\" content=\"article\" \/>\n<meta property=\"og:title\" content=\"Master of Science in Business Administration - betauni.com\" \/>\n<meta property=\"og:description\" content=\"Master of Science in Business Administration Home Master of Science in Business Administration TOTAL CREDITS: 42 PROGRAM DESCRIPTION The objective of the MBA is to enhance your understanding of today\u2019s global business environment and help you develop the necessary skills to solve real-world business problems. In our program, you will gain advanced education in the [&hellip;]\" \/>\n<meta property=\"og:url\" content=\"https:\/\/betauni.com\/es\/academics\/\" \/>\n<meta property=\"og:site_name\" content=\"betauni.com\" \/>\n<meta property=\"article:modified_time\" content=\"2026-03-04T00:42:29+00:00\" \/>\n<meta property=\"og:image\" content=\"https:\/\/betauni.com\/wp-content\/uploads\/2024\/02\/happy-student-hugging-her-father-after-receiving-diploma-on-graduation-day-at-the-university-.jpg\" \/>\n\t<meta property=\"og:image:width\" content=\"1280\" \/>\n\t<meta property=\"og:image:height\" content=\"853\" \/>\n\t<meta property=\"og:image:type\" content=\"image\/jpeg\" \/>\n<meta name=\"twitter:card\" content=\"summary_large_image\" \/>\n<meta name=\"twitter:label1\" content=\"Tiempo de lectura\" \/>\n\t<meta name=\"twitter:data1\" content=\"1 minuto\" \/>\n<script type=\"application\/ld+json\" class=\"yoast-schema-graph\">{\"@context\":\"https:\\\/\\\/schema.org\",\"@graph\":[{\"@type\":\"WebPage\",\"@id\":\"https:\\\/\\\/betauni.com\\\/academics\\\/\",\"url\":\"https:\\\/\\\/betauni.com\\\/academics\\\/\",\"name\":\"Master of Science in Business Administration - betauni.com\",\"isPartOf\":{\"@id\":\"https:\\\/\\\/betauni.com\\\/#website\"},\"primaryImageOfPage\":{\"@id\":\"https:\\\/\\\/betauni.com\\\/academics\\\/#primaryimage\"},\"image\":{\"@id\":\"https:\\\/\\\/betauni.com\\\/academics\\\/#primaryimage\"},\"thumbnailUrl\":\"https:\\\/\\\/betauni.com\\\/wp-content\\\/uploads\\\/2024\\\/02\\\/happy-student-hugging-her-father-after-receiving-diploma-on-graduation-day-at-the-university-.jpg\",\"datePublished\":\"2024-02-24T18:07:39+00:00\",\"dateModified\":\"2026-03-04T00:42:29+00:00\",\"breadcrumb\":{\"@id\":\"https:\\\/\\\/betauni.com\\\/academics\\\/#breadcrumb\"},\"inLanguage\":\"es-CO\",\"potentialAction\":[{\"@type\":\"ReadAction\",\"target\":[\"https:\\\/\\\/betauni.com\\\/academics\\\/\"]}]},{\"@type\":\"ImageObject\",\"inLanguage\":\"es-CO\",\"@id\":\"https:\\\/\\\/betauni.com\\\/academics\\\/#primaryimage\",\"url\":\"https:\\\/\\\/betauni.com\\\/wp-content\\\/uploads\\\/2024\\\/02\\\/happy-student-hugging-her-father-after-receiving-diploma-on-graduation-day-at-the-university-.jpg\",\"contentUrl\":\"https:\\\/\\\/betauni.com\\\/wp-content\\\/uploads\\\/2024\\\/02\\\/happy-student-hugging-her-father-after-receiving-diploma-on-graduation-day-at-the-university-.jpg\"},{\"@type\":\"BreadcrumbList\",\"@id\":\"https:\\\/\\\/betauni.com\\\/academics\\\/#breadcrumb\",\"itemListElement\":[{\"@type\":\"ListItem\",\"position\":1,\"name\":\"Home\",\"item\":\"https:\\\/\\\/betauni.com\\\/\"},{\"@type\":\"ListItem\",\"position\":2,\"name\":\"Master of Science in Business Administration\"}]},{\"@type\":\"WebSite\",\"@id\":\"https:\\\/\\\/betauni.com\\\/#website\",\"url\":\"https:\\\/\\\/betauni.com\\\/\",\"name\":\"betauni.com\",\"description\":\"\",\"potentialAction\":[{\"@type\":\"SearchAction\",\"target\":{\"@type\":\"EntryPoint\",\"urlTemplate\":\"https:\\\/\\\/betauni.com\\\/?s={search_term_string}\"},\"query-input\":{\"@type\":\"PropertyValueSpecification\",\"valueRequired\":true,\"valueName\":\"search_term_string\"}}],\"inLanguage\":\"es-CO\"}]}<\/script>\n<!-- \/ Yoast SEO plugin. -->","yoast_head_json":{"title":"Master of Science in Business Administration - betauni.com","robots":{"index":"index","follow":"follow","max-snippet":"max-snippet:-1","max-image-preview":"max-image-preview:large","max-video-preview":"max-video-preview:-1"},"canonical":"https:\/\/betauni.com\/es\/academics\/","og_locale":"es_ES","og_type":"article","og_title":"Master of Science in Business Administration - betauni.com","og_description":"Master of Science in Business Administration Home Master of Science in Business Administration TOTAL CREDITS: 42 PROGRAM DESCRIPTION The objective of the MBA is to enhance your understanding of today\u2019s global business environment and help you develop the necessary skills to solve real-world business problems. In our program, you will gain advanced education in the [&hellip;]","og_url":"https:\/\/betauni.com\/es\/academics\/","og_site_name":"betauni.com","article_modified_time":"2026-03-04T00:42:29+00:00","og_image":[{"width":1280,"height":853,"url":"https:\/\/betauni.com\/wp-content\/uploads\/2024\/02\/happy-student-hugging-her-father-after-receiving-diploma-on-graduation-day-at-the-university-.jpg","type":"image\/jpeg"}],"twitter_card":"summary_large_image","twitter_misc":{"Tiempo de lectura":"1 minuto"},"schema":{"@context":"https:\/\/schema.org","@graph":[{"@type":"WebPage","@id":"https:\/\/betauni.com\/academics\/","url":"https:\/\/betauni.com\/academics\/","name":"Master of Science in Business Administration - betauni.com","isPartOf":{"@id":"https:\/\/betauni.com\/#website"},"primaryImageOfPage":{"@id":"https:\/\/betauni.com\/academics\/#primaryimage"},"image":{"@id":"https:\/\/betauni.com\/academics\/#primaryimage"},"thumbnailUrl":"https:\/\/betauni.com\/wp-content\/uploads\/2024\/02\/happy-student-hugging-her-father-after-receiving-diploma-on-graduation-day-at-the-university-.jpg","datePublished":"2024-02-24T18:07:39+00:00","dateModified":"2026-03-04T00:42:29+00:00","breadcrumb":{"@id":"https:\/\/betauni.com\/academics\/#breadcrumb"},"inLanguage":"es-CO","potentialAction":[{"@type":"ReadAction","target":["https:\/\/betauni.com\/academics\/"]}]},{"@type":"ImageObject","inLanguage":"es-CO","@id":"https:\/\/betauni.com\/academics\/#primaryimage","url":"https:\/\/betauni.com\/wp-content\/uploads\/2024\/02\/happy-student-hugging-her-father-after-receiving-diploma-on-graduation-day-at-the-university-.jpg","contentUrl":"https:\/\/betauni.com\/wp-content\/uploads\/2024\/02\/happy-student-hugging-her-father-after-receiving-diploma-on-graduation-day-at-the-university-.jpg"},{"@type":"BreadcrumbList","@id":"https:\/\/betauni.com\/academics\/#breadcrumb","itemListElement":[{"@type":"ListItem","position":1,"name":"Home","item":"https:\/\/betauni.com\/"},{"@type":"ListItem","position":2,"name":"Master of Science in Business Administration"}]},{"@type":"WebSite","@id":"https:\/\/betauni.com\/#website","url":"https:\/\/betauni.com\/","name":"betauni.com","description":"","potentialAction":[{"@type":"SearchAction","target":{"@type":"EntryPoint","urlTemplate":"https:\/\/betauni.com\/?s={search_term_string}"},"query-input":{"@type":"PropertyValueSpecification","valueRequired":true,"valueName":"search_term_string"}}],"inLanguage":"es-CO"}]}},"_links":{"self":[{"href":"https:\/\/betauni.com\/es\/wp-json\/wp\/v2\/pages\/256","targetHints":{"allow":["GET"]}}],"collection":[{"href":"https:\/\/betauni.com\/es\/wp-json\/wp\/v2\/pages"}],"about":[{"href":"https:\/\/betauni.com\/es\/wp-json\/wp\/v2\/types\/page"}],"author":[{"embeddable":true,"href":"https:\/\/betauni.com\/es\/wp-json\/wp\/v2\/users\/4"}],"replies":[{"embeddable":true,"href":"https:\/\/betauni.com\/es\/wp-json\/wp\/v2\/comments?post=256"}],"version-history":[{"count":49,"href":"https:\/\/betauni.com\/es\/wp-json\/wp\/v2\/pages\/256\/revisions"}],"predecessor-version":[{"id":1780,"href":"https:\/\/betauni.com\/es\/wp-json\/wp\/v2\/pages\/256\/revisions\/1780"}],"wp:attachment":[{"href":"https:\/\/betauni.com\/es\/wp-json\/wp\/v2\/media?parent=256"}],"curies":[{"name":"wp","href":"https:\/\/api.w.org\/{rel}","templated":true}]}}